{"id":2,"date":"2016-08-09T07:53:18","date_gmt":"2016-08-09T07:53:18","guid":{"rendered":"http:\/\/aparicioweb.redesconsultores.net\/?page_id=2"},"modified":"2016-08-09T08:04:14","modified_gmt":"2016-08-09T08:04:14","slug":"pagina-ejemplo","status":"publish","type":"page","link":"http:\/\/aparicioabogados.es\/","title":{"rendered":"<!\u2013Inicio\u2013>"},"content":{"rendered":"<p style=\"text-align: justify;\"><strong><img loading=\"lazy\" class=\"wp-image-6 aligncenter\" src=\"http:\/\/aparicioweb.redesconsultores.net\/wp-content\/uploads\/2016\/08\/logo.png\" alt=\"logo\" width=\"156\" height=\"117\" \/><br \/>\nAparicio Abogados<\/strong>\u00a0somos un despacho fundado en 1985 que desarrolla su actividad en todas las ramas del derecho en C\u00e1ceres, y donde ser\u00e1s atendido por un equipo de profesionales altamente cualificados, que cuentan con una amplia y acreditada experiencia.<strong><br \/>\n<\/strong><\/p>\n<p style=\"text-align: justify;\">El titular de Aparicio Abogados, D. \u00c1ngel Luis Aparicio Jab\u00f3n, junto con sus colaboradores, forman un organigrama con dedicaci\u00f3n exclusiva, ejerciendo su actividad en todas las ramas del derecho. Los honorarios son a convenir con el cliente adapt\u00e1ndonos a su econom\u00eda y con base en el asunto encargado, el cual sabe de antemano cu\u00e1l es el coste de su procedimiento, interesando siempre provisi\u00f3n de fondos, a cuenta de gastos del procedimiento y minuta, como norma de la relaci\u00f3n de arrendamiento de servicios.<\/p>\n<p style=\"text-align: justify;\">El trabajo profesional se desarrolla en toda Espa\u00f1a, habiendo actuado judicialmente en todas las comunidades aut\u00f3nomas, y en casi todas las provincias espa\u00f1olas durante los a\u00f1os de ejercicio profesional, ofreciendo abnegado trabajo y total profesionalidad.<\/p>\n<p style=\"text-align: justify;\">Situado en la zona centro\u00a0de C\u00e1ceres, el despacho de\u00a0<strong>Aparicio Abogados<\/strong>\u00a0cuenta con 200 m\u00b2 de superficie, y consta de seis despachos distribuidos en secretar\u00eda general, cuatro despachos de abogados con dos pasantes, despacho de procurador, sala de reuniones, sala de caf\u00e9 y ocio y dos salas de archivo.<\/p>\n<p style=\"text-align: justify;\"><i><span style=\"font-family: 'Arial','sans-serif'; color: #525252;\"><img loading=\"lazy\" class=\"size-medium wp-image-12 aligncenter\" src=\"http:\/\/aparicioweb.redesconsultores.net\/wp-content\/uploads\/2016\/08\/plano-300x200.png\" alt=\"plano\" width=\"300\" height=\"200\" \/><\/span><\/i><\/p>\n<p style=\"text-align: center;\"><i><span style=\"font-family: 'Arial','sans-serif'; color: #525252;\">Avenida Virgen de la Monta\u00f1a, 19 1\u00ba E, C\u00e1ceres\u00a0<\/span><\/i><\/p>\n<p style=\"text-align: center;\"><b><span style=\"font-family: 'Arial','sans-serif'; color: #51483f; background: #E1DECA;\"><span style=\"orphans: auto; widows: 1; -webkit-text-stroke-width: 0px; float: none; word-spacing: 0px;\">927 21 19 55<\/span><\/span><\/b><\/p>\n","protected":false},"excerpt":{"rendered":"<p>Aparicio Abogados\u00a0somos un despacho fundado en 1985 que desarrolla su actividad en todas las ramas del derecho en C\u00e1ceres, y donde ser\u00e1s atendido por un equipo de profesionales altamente cualificados, que cuentan con una amplia y acreditada experiencia. El titular de Aparicio Abogados, D. \u00c1ngel Luis Aparicio Jab\u00f3n, junto con sus colaboradores, forman un organigrama [&hellip;]<\/p>\n","protected":false},"author":1,"featured_media":6,"parent":0,"menu_order":0,"comment_status":"closed","ping_status":"open","template":"","meta":[],"_links":{"self":[{"href":"http:\/\/aparicioabogados.es\/index.php?rest_route=\/wp\/v2\/pages\/2"}],"collection":[{"href":"http:\/\/aparicioabogados.es\/index.php?rest_route=\/wp\/v2\/pages"}],"about":[{"href":"http:\/\/aparicioabogados.es\/index.php?rest_route=\/wp\/v2\/types\/page"}],"author":[{"embeddable":true,"href":"http:\/\/aparicioabogados.es\/index.php?rest_route=\/wp\/v2\/users\/1"}],"replies":[{"embeddable":true,"href":"http:\/\/aparicioabogados.es\/index.php?rest_route=%2Fwp%2Fv2%2Fcomments&post=2"}],"version-history":[{"count":10,"href":"http:\/\/aparicioabogados.es\/index.php?rest_route=\/wp\/v2\/pages\/2\/revisions"}],"predecessor-version":[{"id":15,"href":"http:\/\/aparicioabogados.es\/index.php?rest_route=\/wp\/v2\/pages\/2\/revisions\/15"}],"wp:featuredmedia":[{"embeddable":true,"href":"http:\/\/aparicioabogados.es\/index.php?rest_route=\/wp\/v2\/media\/6"}],"wp:attachment":[{"href":"http:\/\/aparicioabogados.es\/index.php?rest_route=%2Fwp%2Fv2%2Fmedia&parent=2"}],"curies":[{"name":"wp","href":"https:\/\/api.w.org\/{rel}","templated":true}]}}